{"id":81,"date":"2016-11-21T07:11:38","date_gmt":"2016-11-21T06:11:38","guid":{"rendered":"http:\/\/www.barsallrep.se\/?page_id=81"},"modified":"2016-11-21T18:45:24","modified_gmt":"2016-11-21T17:45:24","slug":"tjanster","status":"publish","type":"page","link":"https:\/\/www.barsallrep.se\/?page_id=81","title":{"rendered":"Tj\u00e4nster"},"content":{"rendered":"<div class=\"one-half first\"><img decoding=\"async\" loading=\"lazy\" src=\"https:\/\/www.barsallrep.se\/wp-content\/uploads\/2016\/11\/service.jpg\" alt=\"service\" width=\"300\" height=\"200\" class=\"alignnone size-full wp-image-85\" \/><\/div>\n<div class=\"one-half\"><strong>Vi utf\u00f6r service och reparationer p\u00e5 alla slags entreprenadmaskiner, och \u00e4r auktoriserade f\u00f6r service och garantiarbeten f\u00f6r Merlo, Bobcat och Brokk.<\/strong><\/div>\n<div class=\"clearfix\"><\/div>\n<div class=\"one-third first\">Stillest\u00e5nd kostar pengar och \u00e4r besv\u00e4rligt f\u00f6r alla parter, s\u00e5 vi ser till att du snabbt \u00e4r ig\u00e5ng och arbetar med din maskin. Inget jobb \u00e4r f\u00f6r stort eller f\u00f6r litet.<img decoding=\"async\" loading=\"lazy\" src=\"https:\/\/www.barsallrep.se\/wp-content\/uploads\/2016\/11\/nyckel.png\" alt=\"nyckel\" width=\"300\" height=\"63\" class=\"alignnone size-full wp-image-95\" \/><\/div>\n<div class=\"one-third\">Vi har l\u00e5ng erfarenhet av reparationsarbeten och \u00e4r duktiga p\u00e5 elektronik, hydraulik och p\u00e5 att svetsa. Via v\u00e5rt stora n\u00e4t av leverant\u00f6rer f\u00e5r vi snabbt hem reservdelar n\u00e4r det beh\u00f6vs<\/div>\n<div class=\"one-third\">V\u00e5r fullt utrustade servicebil g\u00f6r att vi kan hj\u00e4lpa dig p\u00e5 plats om det \u00e4r br\u00e5ttom. Svets, elverk, luftkompressor och handverktyg g\u00f6r att vi kan ta de flesta jobb \u00e4ven i f\u00e4lt.<\/div>\n<div class=\"clearfix\"><\/div>\n","protected":false},"excerpt":{"rendered":"<p>Vi utf\u00f6r service och reparationer p\u00e5 alla slags entreprenadmaskiner, och \u00e4r auktoriserade f\u00f6r service och garantiarbeten f\u00f6r Merlo, Bobcat och Brokk. Stillest\u00e5nd kostar pengar och \u00e4r besv\u00e4rligt f\u00f6r alla parter, s\u00e5 vi ser till att du snabbt \u00e4r ig\u00e5ng och arbetar med din maskin. Inget jobb \u00e4r f\u00f6r stort eller f\u00f6r litet. Vi har l\u00e5ng [&hellip;]<\/p>\n","protected":false},"author":1,"featured_media":0,"parent":0,"menu_order":0,"comment_status":"closed","ping_status":"closed","template":"","meta":{"_genesis_hide_title":false,"_genesis_hide_breadcrumbs":false,"_genesis_hide_singular_image":false,"_genesis_hide_footer_widgets":false,"_genesis_custom_body_class":"","_genesis_custom_post_class":"","_genesis_layout":""},"_links":{"self":[{"href":"https:\/\/www.barsallrep.se\/index.php?rest_route=\/wp\/v2\/pages\/81"}],"collection":[{"href":"https:\/\/www.barsallrep.se\/index.php?rest_route=\/wp\/v2\/pages"}],"about":[{"href":"https:\/\/www.barsallrep.se\/index.php?rest_route=\/wp\/v2\/types\/page"}],"author":[{"embeddable":true,"href":"https:\/\/www.barsallrep.se\/index.php?rest_route=\/wp\/v2\/users\/1"}],"replies":[{"embeddable":true,"href":"https:\/\/www.barsallrep.se\/index.php?rest_route=%2Fwp%2Fv2%2Fcomments&post=81"}],"version-history":[{"count":14,"href":"https:\/\/www.barsallrep.se\/index.php?rest_route=\/wp\/v2\/pages\/81\/revisions"}],"predecessor-version":[{"id":100,"href":"https:\/\/www.barsallrep.se\/index.php?rest_route=\/wp\/v2\/pages\/81\/revisions\/100"}],"wp:attachment":[{"href":"https:\/\/www.barsallrep.se\/index.php?rest_route=%2Fwp%2Fv2%2Fmedia&parent=81"}],"curies":[{"name":"wp","href":"https:\/\/api.w.org\/{rel}","templated":true}]}}