{"id":20,"date":"2016-11-17T14:09:15","date_gmt":"2016-11-17T13:09:15","guid":{"rendered":"http:\/\/www.barsallrep.se\/?page_id=20"},"modified":"2016-11-19T12:08:12","modified_gmt":"2016-11-19T11:08:12","slug":"start","status":"publish","type":"page","link":"https:\/\/www.barsallrep.se\/","title":{"rendered":"V\u00e4lkommen BARS allrep"},"content":{"rendered":"<h3>BARS allrep i Norrk\u00f6ping \u00e4r ett f\u00f6retag med inriktning p\u00e5 reparation, service och underh\u00e5ll.<\/h3>\n<p>\nVi auktoriserade servicel\u00e4mnare \u00e5t <strong>Merlo, Bobcat och Brokk,<\/strong> men utf\u00f6r reparationer och underh\u00e5ll \u00e4ven p\u00e5 andra m\u00e4rken.<br \/>\nReparation och svetsning av alla m\u00f6jliga maskiner och utrustning \u00e5r v\u00e5r specialitet. <br \/>Tillverkning av delar och utrustning f\u00f6r att reparera eller f\u00f6rb\u00e4ttra maskiner \u00e4r ocks\u00e5 en av v\u00e5ra starka sidor.<\/p>\n","protected":false},"excerpt":{"rendered":"<p>BARS allrep i Norrk\u00f6ping \u00e4r ett f\u00f6retag med inriktning p\u00e5 reparation, service och underh\u00e5ll. Vi auktoriserade servicel\u00e4mnare \u00e5t Merlo, Bobcat och Brokk, men utf\u00f6r reparationer och underh\u00e5ll \u00e4ven p\u00e5 andra m\u00e4rken. Reparation och svetsning av alla m\u00f6jliga maskiner och utrustning \u00e5r v\u00e5r specialitet. Tillverkning av delar och utrustning f\u00f6r att reparera eller f\u00f6rb\u00e4ttra maskiner \u00e4r [&hellip;]<\/p>\n","protected":false},"author":1,"featured_media":0,"parent":0,"menu_order":0,"comment_status":"closed","ping_status":"closed","template":"","meta":{"_genesis_hide_title":false,"_genesis_hide_breadcrumbs":false,"_genesis_hide_singular_image":false,"_genesis_hide_footer_widgets":false,"_genesis_custom_body_class":"","_genesis_custom_post_class":"","_genesis_layout":""},"_links":{"self":[{"href":"https:\/\/www.barsallrep.se\/index.php?rest_route=\/wp\/v2\/pages\/20"}],"collection":[{"href":"https:\/\/www.barsallrep.se\/index.php?rest_route=\/wp\/v2\/pages"}],"about":[{"href":"https:\/\/www.barsallrep.se\/index.php?rest_route=\/wp\/v2\/types\/page"}],"author":[{"embeddable":true,"href":"https:\/\/www.barsallrep.se\/index.php?rest_route=\/wp\/v2\/users\/1"}],"replies":[{"embeddable":true,"href":"https:\/\/www.barsallrep.se\/index.php?rest_route=%2Fwp%2Fv2%2Fcomments&post=20"}],"version-history":[{"count":12,"href":"https:\/\/www.barsallrep.se\/index.php?rest_route=\/wp\/v2\/pages\/20\/revisions"}],"predecessor-version":[{"id":54,"href":"https:\/\/www.barsallrep.se\/index.php?rest_route=\/wp\/v2\/pages\/20\/revisions\/54"}],"wp:attachment":[{"href":"https:\/\/www.barsallrep.se\/index.php?rest_route=%2Fwp%2Fv2%2Fmedia&parent=20"}],"curies":[{"name":"wp","href":"https:\/\/api.w.org\/{rel}","templated":true}]}}