{"id":2,"date":"2016-11-16T14:00:14","date_gmt":"2016-11-16T13:00:14","guid":{"rendered":"http:\/\/www.barsallrep.se\/?page_id=2"},"modified":"2020-12-02T10:46:51","modified_gmt":"2020-12-02T09:46:51","slug":"exempelsida","status":"publish","type":"page","link":"https:\/\/www.barsallrep.se\/?page_id=2","title":{"rendered":"Kontakt"},"content":{"rendered":"<p>BARS allrep service<br \/>\nBert-Ove &#8221;Bertan&#8221; Olofsson<br \/>\nTelefon: 070-561 28 66<br \/>\nE-post: <a href=\"mailto:someone@example.com\" target=\"_top\" rel=\"noopener noreferrer\">bertan@barsallrep.se<\/a><\/p>\n<p>Adress:<br \/>\n<span style=\"font-size: inherit;\">Bars allrep service<br \/>\n<\/span><span style=\"font-size: inherit;\">Econova<br \/>\n<\/span>Jursla industriomr\u00e5de<br \/>\n616 34 \u00c5by<\/p>\n<noscript class=\"ninja-forms-noscript-message\">\n    Observera: JavaScript kr\u00e4vs f\u00f6r detta inneh\u00e5ll.<\/noscript><div id=\"nf-form-2-cont\" class=\"nf-form-cont\" aria-live=\"polite\" aria-labelledby=\"nf-form-title-2\" aria-describedby=\"nf-form-errors-2\" role=\"form\">\n\n    <div class=\"nf-loading-spinner\"><\/div>\n\n<\/div>\n        <!-- TODO: Move to Template File. -->\n        <script>var formDisplay=1;var nfForms=nfForms||[];var form=[];form.id='2';form.settings={\"objectType\":\"Form Setting\",\"editActive\":true,\"title\":\"Kontakta oss\",\"key\":\"\",\"created_at\":\"2016-08-24 16:39:20\",\"default_label_pos\":\"above\",\"_seq_num\":\"3\",\"conditions\":[],\"show_title\":\"1\",\"clear_complete\":\"1\",\"hide_complete\":\"1\",\"wrapper_class\":\"\",\"element_class\":\"\",\"add_submit\":\"1\",\"logged_in\":\"\",\"not_logged_in_msg\":\"\",\"sub_limit_number\":\"\",\"sub_limit_msg\":\"\",\"calculations\":[],\"formContentData\":[\"namn\",\"e-post\",\"meddelande\",\"skicka\"],\"container_styles_background-color\":\"\",\"container_styles_border\":\"\",\"container_styles_border-style\":\"\",\"container_styles_border-color\":\"\",\"container_styles_color\":\"\",\"container_styles_height\":\"\",\"container_styles_width\":\"\",\"container_styles_font-size\":\"\",\"container_styles_margin\":\"\",\"container_styles_padding\":\"\",\"container_styles_display\":\"\",\"container_styles_float\":\"\",\"container_styles_show_advanced_css\":\"0\",\"container_styles_advanced\":\"\",\"title_styles_background-color\":\"\",\"title_styles_border\":\"\",\"title_styles_border-style\":\"\",\"title_styles_border-color\":\"\",\"title_styles_color\":\"\",\"title_styles_height\":\"\",\"title_styles_width\":\"\",\"title_styles_font-size\":\"\",\"title_styles_margin\":\"\",\"title_styles_padding\":\"\",\"title_styles_display\":\"\",\"title_styles_float\":\"\",\"title_styles_show_advanced_css\":\"0\",\"title_styles_advanced\":\"\",\"row_styles_background-color\":\"\",\"row_styles_border\":\"\",\"row_styles_border-style\":\"\",\"row_styles_border-color\":\"\",\"row_styles_color\":\"\",\"row_styles_height\":\"\",\"row_styles_width\":\"\",\"row_styles_font-size\":\"\",\"row_styles_margin\":\"\",\"row_styles_padding\":\"\",\"row_styles_display\":\"\",\"row_styles_show_advanced_css\":\"0\",\"row_styles_advanced\":\"\",\"row-odd_styles_background-color\":\"\",\"row-odd_styles_border\":\"\",\"row-odd_styles_border-style\":\"\",\"row-odd_styles_border-color\":\"\",\"row-odd_styles_color\":\"\",\"row-odd_styles_height\":\"\",\"row-odd_styles_width\":\"\",\"row-odd_styles_font-size\":\"\",\"row-odd_styles_margin\":\"\",\"row-odd_styles_padding\":\"\",\"row-odd_styles_display\":\"\",\"row-odd_styles_show_advanced_css\":\"0\",\"row-odd_styles_advanced\":\"\",\"success-msg_styles_background-color\":\"\",\"success-msg_styles_border\":\"\",\"success-msg_styles_border-style\":\"\",\"success-msg_styles_border-color\":\"\",\"success-msg_styles_color\":\"\",\"success-msg_styles_height\":\"\",\"success-msg_styles_width\":\"\",\"success-msg_styles_font-size\":\"\",\"success-msg_styles_margin\":\"\",\"success-msg_styles_padding\":\"\",\"success-msg_styles_display\":\"\",\"success-msg_styles_show_advanced_css\":\"0\",\"success-msg_styles_advanced\":\"\",\"error_msg_styles_background-color\":\"\",\"error_msg_styles_border\":\"\",\"error_msg_styles_border-style\":\"\",\"error_msg_styles_border-color\":\"\",\"error_msg_styles_color\":\"\",\"error_msg_styles_height\":\"\",\"error_msg_styles_width\":\"\",\"error_msg_styles_font-size\":\"\",\"error_msg_styles_margin\":\"\",\"error_msg_styles_padding\":\"\",\"error_msg_styles_display\":\"\",\"error_msg_styles_show_advanced_css\":\"0\",\"error_msg_styles_advanced\":\"\",\"currency\":\"\",\"lock\":\"0\",\"ninjaForms\":\"Ninja Forms\",\"changeEmailErrorMsg\":\"Ange en giltig e-postadress!\",\"changeDateErrorMsg\":\"Ange ett giltigt datum!\",\"confirmFieldErrorMsg\":\"Dessa f\\u00e4lt m\\u00e5ste matcha!\",\"fieldNumberNumMinError\":\"Minnummer-fel\",\"fieldNumberNumMaxError\":\"Maxnummer-fel\",\"fieldNumberIncrementBy\":\"\\u00d6ka med \",\"fieldTextareaRTEInsertLink\":\"Infoga l\\u00e4nk\",\"fieldTextareaRTEInsertMedia\":\"Infoga media\",\"fieldTextareaRTESelectAFile\":\"V\\u00e4lj en fil\",\"formErrorsCorrectErrors\":\"R\\u00e4tta till fel innan du skickar in detta formul\\u00e4r.\",\"formHoneypot\":\"Om du \\u00e4r en m\\u00e4nniska som ser detta f\\u00e4lt, l\\u00e4mna det tomt.\",\"validateRequiredField\":\"Detta \\u00e4r ett obligatoriskt f\\u00e4lt.\",\"honeypotHoneypotError\":\"Honeypot-fel\",\"fileUploadOldCodeFileUploadInProgress\":\"Filuppladdning p\\u00e5g\\u00e5r.\",\"fileUploadOldCodeFileUpload\":\"FILUPPLADDNING\",\"currencySymbol\":false,\"fieldsMarkedRequired\":\"F\\u00e4lt markerade med en <span class=\\\"ninja-forms-req-symbol\\\">*<\\\/span> \\u00e4r obligatoriskt\",\"thousands_sep\":\"&nbsp;\",\"decimal_point\":\",\",\"siteLocale\":\"sv_SE\",\"dateFormat\":\"m\\\/d\\\/Y\",\"startOfWeek\":\"1\",\"of\":\"av\",\"previousMonth\":\"F\\u00f6reg\\u00e5ende m\\u00e5nad\",\"nextMonth\":\"N\\u00e4sta m\\u00e5nad\",\"months\":[\"Januari\",\"Februari\",\"Mars\",\"April\",\"Maj\",\"Juni\",\"Juli\",\"Augusti\",\"September\",\"Oktober\",\"November\",\"December\"],\"monthsShort\":[\"Jan\",\"Feb\",\"Mar\",\"Apr\",\"Maj\",\"Jun\",\"Jul\",\"Aug\",\"Sep\",\"Okt\",\"Nov\",\"Dec\"],\"weekdays\":[\"S\\u00f6ndag\",\"M\\u00e5ndag\",\"Tisdag\",\"Onsdag\",\"Torsdag\",\"Fredag\",\"L\\u00f6rdag\"],\"weekdaysShort\":[\"S\\u00f6n\",\"M\\u00e5n\",\"Tis\",\"Ons\",\"Tor\",\"Fre\",\"L\\u00f6r\"],\"weekdaysMin\":[\"S\\u00f6\",\"M\\u00e5\",\"Ti\",\"On\",\"To\",\"Fr\",\"L\\u00f6\"],\"recaptchaConsentMissing\":\"reCapctha validation couldn&#039;t load.\",\"recaptchaMissingCookie\":\"reCaptcha v3 validation couldn&#039;t load the cookie needed to submit the form.\",\"recaptchaConsentEvent\":\"Accept reCaptcha cookies before sending the form.\",\"embed_form\":\"\",\"currency_symbol\":\"\",\"beforeForm\":\"\",\"beforeFields\":\"\",\"afterFields\":\"\",\"afterForm\":\"\"};form.fields=[{\"objectType\":\"Field\",\"objectDomain\":\"fields\",\"order\":1,\"label\":\"Namn\",\"key\":\"namn\",\"type\":\"textbox\",\"created_at\":\"2016-08-24 16:39:20\",\"label_pos\":\"above\",\"required\":1,\"input_limit_type\":\"characters\",\"input_limit_msg\":\"Character(s) left\",\"wrap_styles_show_advanced_css\":0,\"label_styles_show_advanced_css\":0,\"element_styles_show_advanced_css\":0,\"cellcid\":\"c3277\",\"id\":5,\"beforeField\":\"\",\"afterField\":\"\",\"value\":\"\",\"parentType\":\"textbox\",\"element_templates\":[\"textbox\",\"input\"],\"old_classname\":\"\",\"wrap_template\":\"wrap\"},{\"objectType\":\"Field\",\"objectDomain\":\"fields\",\"order\":2,\"label\":\"E-post\",\"key\":\"e-post\",\"type\":\"email\",\"created_at\":\"2016-08-24 16:39:20\",\"label_pos\":\"above\",\"required\":1,\"wrap_styles_show_advanced_css\":0,\"label_styles_show_advanced_css\":0,\"element_styles_show_advanced_css\":0,\"cellcid\":\"c3281\",\"id\":6,\"beforeField\":\"\",\"afterField\":\"\",\"value\":\"\",\"parentType\":\"email\",\"element_templates\":[\"email\",\"input\"],\"old_classname\":\"\",\"wrap_template\":\"wrap\"},{\"objectType\":\"Field\",\"objectDomain\":\"fields\",\"order\":3,\"label\":\"Meddelande\",\"key\":\"meddelande\",\"type\":\"textarea\",\"created_at\":\"2016-08-24 16:39:20\",\"label_pos\":\"above\",\"required\":1,\"input_limit_type\":\"characters\",\"input_limit_msg\":\"Character(s) left\",\"wrap_styles_show_advanced_css\":0,\"label_styles_show_advanced_css\":0,\"element_styles_show_advanced_css\":0,\"cellcid\":\"c3284\",\"id\":7,\"beforeField\":\"\",\"afterField\":\"\",\"value\":\"\",\"parentType\":\"textarea\",\"element_templates\":[\"textarea\",\"input\"],\"old_classname\":\"\",\"wrap_template\":\"wrap\"},{\"objectType\":\"Field\",\"objectDomain\":\"fields\",\"order\":5,\"label\":\"Skicka\",\"key\":\"skicka\",\"type\":\"submit\",\"created_at\":\"2016-08-24 16:39:20\",\"processing_label\":\"Bearbetar\",\"wrap_styles_show_advanced_css\":0,\"label_styles_show_advanced_css\":0,\"element_styles_show_advanced_css\":0,\"submit_element_hover_styles_show_advanced_css\":0,\"cellcid\":\"c3287\",\"id\":8,\"beforeField\":\"\",\"afterField\":\"\",\"value\":\"\",\"label_pos\":\"above\",\"parentType\":\"textbox\",\"element_templates\":[\"submit\",\"button\",\"input\"],\"old_classname\":\"\",\"wrap_template\":\"wrap-no-label\"}];nfForms.push(form);<\/script>\n        \n<p><iframe loading=\"lazy\" style=\"border: 0;\" src=\"https:\/\/www.google.com\/maps\/embed?pb=!1m18!1m12!1m3!1d2075.607670179849!2d16.17699151646538!3d58.65258017213881!2m3!1f0!2f0!3f0!3m2!1i1024!2i768!4f13.1!3m3!1m2!1s0x4659374d995a10d7%3A0xfed967dc25cc9f96!2sEconova%20AB!5e0!3m2!1ssv!2sse!4v1606901933746!5m2!1ssv!2sse\" width=\"100%\" height=\"450\" frameborder=\"0\" allowfullscreen=\"allowfullscreen\"><\/iframe><\/p>\n","protected":false},"excerpt":{"rendered":"<p>BARS allrep service Bert-Ove &#8221;Bertan&#8221; Olofsson Telefon: 070-561 28 66 E-post: bertan@barsallrep.se Adress: Bars allrep service Econova Jursla industriomr\u00e5de 616 34 \u00c5by<\/p>\n","protected":false},"author":1,"featured_media":0,"parent":0,"menu_order":0,"comment_status":"closed","ping_status":"open","template":"","meta":{"_genesis_hide_title":false,"_genesis_hide_breadcrumbs":false,"_genesis_hide_singular_image":false,"_genesis_hide_footer_widgets":false,"_genesis_custom_body_class":"","_genesis_custom_post_class":"","_genesis_layout":""},"_links":{"self":[{"href":"https:\/\/www.barsallrep.se\/index.php?rest_route=\/wp\/v2\/pages\/2"}],"collection":[{"href":"https:\/\/www.barsallrep.se\/index.php?rest_route=\/wp\/v2\/pages"}],"about":[{"href":"https:\/\/www.barsallrep.se\/index.php?rest_route=\/wp\/v2\/types\/page"}],"author":[{"embeddable":true,"href":"https:\/\/www.barsallrep.se\/index.php?rest_route=\/wp\/v2\/users\/1"}],"replies":[{"embeddable":true,"href":"https:\/\/www.barsallrep.se\/index.php?rest_route=%2Fwp%2Fv2%2Fcomments&post=2"}],"version-history":[{"count":9,"href":"https:\/\/www.barsallrep.se\/index.php?rest_route=\/wp\/v2\/pages\/2\/revisions"}],"predecessor-version":[{"id":109,"href":"https:\/\/www.barsallrep.se\/index.php?rest_route=\/wp\/v2\/pages\/2\/revisions\/109"}],"wp:attachment":[{"href":"https:\/\/www.barsallrep.se\/index.php?rest_route=%2Fwp%2Fv2%2Fmedia&parent=2"}],"curies":[{"name":"wp","href":"https:\/\/api.w.org\/{rel}","templated":true}]}}